{"id":212,"date":"2021-04-14T18:22:08","date_gmt":"2021-04-14T16:22:08","guid":{"rendered":"https:\/\/veronique.devillele.com\/?page_id=212"},"modified":"2024-10-14T17:04:34","modified_gmt":"2024-10-14T15:04:34","slug":"cv","status":"publish","type":"page","link":"https:\/\/veronique.devillele.com\/index.php\/cv\/","title":{"rendered":"C.V."},"content":{"rendered":"\n<h5 class=\"wp-block-heading has-text-align-left\"><strong><span class=\"has-inline-color has-accent-1-color\">DIPL\u00d4MES ET DISTINCTIONS<\/span><\/strong><\/h5>\n\n\n\n<ul class=\"wp-block-list\">\n<li>Chevalier de la L\u00e9gion d\u2019Honneur (2011)<\/li>\n\n\n\n<li>Officier de l\u2019Ordre National du M\u00e9rite (2020)<\/li>\n\n\n\n<li>M\u00e9daille d\u2019Or Minist\u00e8re de la Jeunesse et des Sports<\/li>\n\n\n\n<li>M\u00e9daille \u00e9chelon Vermeil de la Ville de Paris<\/li>\n\n\n\n<li>Brevet d\u2019\u00e9tat 1er degr\u00e9 d\u2019Education Sportive Expression&nbsp; disciplines Associ\u00e9es Oscar de la&nbsp; F\u00e9d\u00e9ration Fran\u00e7aise des Professions de Sant\u00e9<\/li>\n\n\n\n<li>Grande M\u00e9daille d\u2019Argent de l\u2019\u0152uvre Humanitaire \u201cChevalier\u201d<\/li>\n\n\n\n<li>Dipl\u00f4me Conseill\u00e8re Technique Nationale de Gymnastique Pr\u00e9ventive Sant\u00e9<\/li>\n<\/ul>\n\n\n\n<div style=\"height:50px\" aria-hidden=\"true\" class=\"wp-block-spacer\"><\/div>\n\n\n\n<figure class=\"wp-block-table\">\n<table class=\"has-fixed-layout\">\n<tbody>\n<tr><td width=\"25%\"><strong><strong><span class=\"has-inline-color has-accent-1-color\">1966 \/ 1980<\/span><\/strong><\/strong><\/td><td>Assistante de Mireille DARC et Alain DELON<\/td><\/tr><tr><td><strong><span class=\"has-inline-color has-accent-1-color\">1979 \/ 1980<\/span><\/strong><\/td><td>TV : Les 4 saisons de la forme ANT 2<\/td><\/tr><tr><td><strong><span class=\"has-inline-color has-accent-1-color\">1981 \/ 1987<\/span><\/strong><\/td><td>TV : GYM TONIC ANT 2 \u00ab\u00a0V\u00e9ronique et Davina\u00a0\u00bb<\/td><\/tr><tr><td><strong><span class=\"has-inline-color has-accent-1-color\">1990 \/ 1997<\/span><\/strong><\/td><td>TV : 2 M Internationale MAROC \u00ab\u00a0V\u00e9ronique et Davina en Forme\u00a0\u00bb<\/td><\/tr><tr><td><strong><span class=\"has-inline-color has-accent-1-color\">1990 \/ 2021<\/span><\/strong><\/td><td>Radios : RMC \/ EUROPE 1 \/ RTL \/ SUD-RADIO<\/td><\/tr><tr><td><strong><span class=\"has-inline-color has-accent-1-color\">1980 \/ Aujourd&rsquo;hui<\/span><\/strong><\/td><td>COURS \/ COACHING : Villa Beausoleil, Les Cercles de la Forme (auparavant aussi chez Gymnase Club, Vit&rsquo;halles, La Compagnie Bleue et CMG)<\/td><\/tr><tr><td><strong><span class=\"has-inline-color has-accent-1-color\">2004 \/ Aujourd&rsquo;hui<\/span><\/strong><\/td><td>Co-fondatrice de la <a style=\"text-decoration:none\" href=\"https:\/\/alzheimer-recherche.org\/\" target=\"_blank\" rel=\"noreferrer noopener\"><span class=\"has-inline-color has-sitetext-color\">FONDATION RECHERCHE ALZHEIMER<\/span><\/a><\/td><\/tr>\n<tr><td><strong><span class=\"has-inline-color has-accent-1-color\">2024 \/ Aujourd&rsquo;hui<\/span><\/strong><\/td><td>TV : Le Mag de la sant\u00e9 &#8211; FR5<\/td><\/tr>\n<\/tbody>\n<\/table><\/figure>\n\n\n\n<div style=\"height:50px\" aria-hidden=\"true\" class=\"wp-block-spacer\"><\/div>\n\n\n\n<figure class=\"wp-block-table\"><table class=\"has-fixed-layout\"><tbody><tr><td width=\"25%\"><strong><span class=\"has-inline-color has-accent-1-color\">Cin\u00e9ma<\/span><\/strong><\/td><td><\/td><\/tr><tr><td><strong>1968<\/strong><\/td><td>\u00ab\u00a0La grande sauterelle\u00a0\u00bb de Georges Lautner<\/td><\/tr><tr><td><strong>1999<\/strong><\/td><td>\u00ab\u00a0J&rsquo;ai faim\u00a0\u00bb de Florence Quentin<\/td><\/tr><tr><td><strong>2000<\/strong><\/td><td>\u00ab\u00a0Le derri\u00e8re\u00a0\u00bb de Val\u00e9rie Lemercier<\/td><\/tr><tr><td><strong>2001<\/strong><\/td><td>\u00ab\u00a0Les mis\u00e9rables\u00a0\u00bb de Jos\u00e9e Dayan<\/td><\/tr><tr><td><strong>2003<\/strong><\/td><td>\u00ab\u00a0Ch\u00e8re Marianne\u00a0\u00bb &#8211; T\u00e9l\u00e9film TF1<\/td><\/tr><tr><td><strong>2003<\/strong><\/td><td>\u00ab\u00a0Laisse tes mains sur mes hanches\u00a0\u00bb de Chantal Lauby<\/td><\/tr><tr><td><strong>2006<\/strong><\/td><td>\u00ab\u00a0Sauveur Giordano\u00a0\u00bb avec Pierre Arditi pour TF1<\/td><\/tr><\/tbody><\/table><\/figure>\n\n\n\n<div style=\"height:50px\" aria-hidden=\"true\" class=\"wp-block-spacer\"><\/div>\n\n\n\n<figure class=\"wp-block-table\"><table class=\"has-fixed-layout\"><tbody><tr><td width=\"25%\"><strong><span class=\"has-inline-color has-accent-1-color\">Livres &#8211; Auteur<\/span><\/strong><\/td><td><\/td><\/tr><tr><td><strong>2007<\/strong><\/td><td>\u00ab\u00a0V\u00e9ronique sans Davina\u00a0\u00bb &#8211; \u00c9ditions Arth\u00e9lena<\/td><\/tr><tr><td><strong>2013<\/strong><\/td><td>\u00ab\u00a0V\u00e9ro Trouve Tout\u00a0\u00bb &#8211; \u00c9ditions Hachette<\/td><\/tr><tr><td><strong>2015<\/strong><\/td><td>\u00ab\u00a0Gym Silver Tonic\u00a0\u00bb &#8211; \u00c9ditions Michel Lafon<\/td><\/tr><tr><td><strong>2020<\/strong><\/td><td>\u00ab\u00a0Gym Beausoleil, M\u00e9thode pour S\u00e9niors\u00a0\u00bb &#8211; Villa Beausoleil<\/td><\/tr><\/tbody><\/table><\/figure>\n\n\n\n<div style=\"height:50px\" aria-hidden=\"true\" class=\"wp-block-spacer\"><\/div>\n\n\n\n<figure class=\"wp-block-table\"><table class=\"has-fixed-layout\"><tbody><tr><td width=\"25%\"><strong><span class=\"has-inline-color has-accent-1-color\">Livres &#8211; Co-auteur<\/span><\/strong><\/td><td><\/td><\/tr><tr><td><strong>1984<\/strong><\/td><td>\u00ab\u00a0Gym Tonic\u00a0\u00bb<\/td><\/tr><tr><td><strong>1985<\/strong><\/td><td>\u00ab\u00a0V\u00e9ronique et Davina racontent\u00a0\u00bb<\/td><\/tr><tr><td><strong>1997<\/strong><\/td><td>\u00ab\u00a0Les Secrets de votre \u00e9nergie\u00a0\u00bb &#8211; \u00c9ditions France-Loisirs<\/td><\/tr><tr><td><strong>2003<\/strong><\/td><td>\u00ab\u00a0La Biogym anti mal de dos\u00a0\u00bb &#8211; \u00c9ditions Minerva<\/td><\/tr><tr><td><strong>2003<\/strong><\/td><td>\u00ab\u00a0La Biogym anti \u00e2ge\u00a0\u00bb &#8211; \u00c9ditions Minerva<\/td><\/tr><tr><td><strong>2004<\/strong><\/td><td>\u00ab\u00a0La Biogym minceur\u00a0\u00bb &#8211; \u00c9ditions Minerva<\/td><\/tr><tr><td><strong>2007<\/strong><\/td><td>\u00ab\u00a0Nos ann\u00e9es Gym Tonic\u00a0\u00bb &#8211; \u00c9ditions Hors Collection<\/td><\/tr><\/tbody><\/table><\/figure>\n\n\n\n<div style=\"height:50px\" aria-hidden=\"true\" class=\"wp-block-spacer\"><\/div>\n\n\n\n<figure class=\"wp-block-table\"><table class=\"has-fixed-layout\"><tbody><tr><td width=\"25%\"><strong><span class=\"has-inline-color has-accent-1-color\">Musique &#8211; Co-auteur<\/span><\/strong><\/td><td><\/td><\/tr><tr><td><\/td><td>CD de gym<\/td><\/tr><tr><td><\/td><td>K7 vid\u00e9o<\/td><\/tr><tr><td><strong>2000<\/strong><\/td><td>\u00ab\u00a0Y&rsquo;a d&rsquo;la gym, y&rsquo;a d&rsquo;la joie\u00a0\u00bb &#8211; DVD Sony Music<\/td><\/tr><\/tbody><\/table><\/figure>\n\n\n\n<div style=\"height:50px\" aria-hidden=\"true\" class=\"wp-block-spacer\"><\/div>\n\n\n\n<figure class=\"wp-block-table\"><table class=\"has-fixed-layout\"><tbody><tr><td width=\"25%\"><strong><span class=\"has-inline-color has-accent-1-color\">Ambassadrice<\/span><\/strong><\/td><td><a style=\"text-decoration:none\" rel=\"noreferrer noopener\" href=\"https:\/\/www.enfantstaretmatch.com\/\" target=\"_blank\"><span class=\"has-inline-color has-sitetext-color\">ASSOCIATION ENFANTS STAR ET MATCH<\/span><\/a><\/td><\/tr><tr><td><strong><span class=\"has-inline-color has-accent-1-color\">Ambassadrice<\/span><\/strong><\/td><td><a style=\"text-decoration:none\" rel=\"noreferrer noopener\" href=\"https:\/\/www.lenvol.asso.fr\/\" target=\"_blank\"><span class=\"has-inline-color has-sitetext-color\">ASSOCIATION L&rsquo;ENVOL<\/span><\/a><\/td><\/tr><tr><td><strong><span class=\"has-inline-color has-accent-1-color\">Ambassadrice<\/span><\/strong><\/td><td><a style=\"text-decoration:none\" rel=\"noreferrer noopener\" href=\"https:\/\/www.fondation-du-rein.org\/\" target=\"_blank\"><span class=\"has-inline-color has-sitetext-color\">FONDATION DU REIN<\/span><\/a><\/td><\/tr><tr><td><strong><strong><span class=\"has-inline-color has-accent-1-color\">Partenariat<\/span><\/strong><\/strong><\/td><td><a style=\"text-decoration:none\" rel=\"noreferrer noopener\" href=\"https:\/\/www.villabeausoleil.com\/\" target=\"_blank\"><span class=\"has-inline-color has-sitetext-color\">VILLA BEAUSOLEIL<\/span><\/a><\/td><\/tr><\/tbody><\/table><\/figure>\n\n\n\n<p><\/p>\n","protected":false},"excerpt":{"rendered":"<p>DIPL\u00d4MES ET DISTINCTIONS 1966 \/ 1980 Assistante de Mireille DARC et Alain DELON 1979 \/ 1980 TV : Les 4 saisons de la forme ANT &hellip;<\/p>\n","protected":false},"author":1,"featured_media":0,"parent":0,"menu_order":1,"comment_status":"closed","ping_status":"closed","template":"","meta":{"pgc_sgb_lightbox_settings":"","footnotes":""},"class_list":["post-212","page","type-page","status-publish","hentry"],"_links":{"self":[{"href":"https:\/\/veronique.devillele.com\/index.php\/wp-json\/wp\/v2\/pages\/212","targetHints":{"allow":["GET"]}}],"collection":[{"href":"https:\/\/veronique.devillele.com\/index.php\/wp-json\/wp\/v2\/pages"}],"about":[{"href":"https:\/\/veronique.devillele.com\/index.php\/wp-json\/wp\/v2\/types\/page"}],"author":[{"embeddable":true,"href":"https:\/\/veronique.devillele.com\/index.php\/wp-json\/wp\/v2\/users\/1"}],"replies":[{"embeddable":true,"href":"https:\/\/veronique.devillele.com\/index.php\/wp-json\/wp\/v2\/comments?post=212"}],"version-history":[{"count":79,"href":"https:\/\/veronique.devillele.com\/index.php\/wp-json\/wp\/v2\/pages\/212\/revisions"}],"predecessor-version":[{"id":2434,"href":"https:\/\/veronique.devillele.com\/index.php\/wp-json\/wp\/v2\/pages\/212\/revisions\/2434"}],"wp:attachment":[{"href":"https:\/\/veronique.devillele.com\/index.php\/wp-json\/wp\/v2\/media?parent=212"}],"curies":[{"name":"wp","href":"https:\/\/api.w.org\/{rel}","templated":true}]}}